{"id":82,"date":"2019-11-17T13:49:27","date_gmt":"2019-11-17T13:49:27","guid":{"rendered":"http:\/\/mittagsbetreuung-feldbergschule.de\/?page_id=82"},"modified":"2026-03-05T10:27:59","modified_gmt":"2026-03-05T10:27:59","slug":"verein","status":"publish","type":"page","link":"https:\/\/mittagsbetreuung-feldbergschule.de\/?page_id=82","title":{"rendered":"Verein"},"content":{"rendered":"\t\t<div data-elementor-type=\"wp-page\" data-elementor-id=\"82\" class=\"elementor elementor-82\">\n\t\t\t\t\t\t<div class=\"elementor-inner\">\n\t\t\t\t<div class=\"elementor-section-wrap\">\n\t\t\t\t\t\t\t\t\t<section class=\"elementor-section elementor-top-section elementor-element elementor-element-4829aa5 elementor-section-boxed elementor-section-height-default elementor-section-height-default\" data-id=\"4829aa5\" data-element_type=\"section\">\n\t\t\t\t\t\t<div class=\"elementor-container elementor-column-gap-default\">\n\t\t\t\t\t\t\t<div class=\"elementor-row\">\n\t\t\t\t\t<div class=\"elementor-column elementor-col-100 elementor-top-column elementor-element elementor-element-9daca1a\" data-id=\"9daca1a\" data-element_type=\"column\">\n\t\t\t<div class=\"elementor-column-wrap elementor-element-populated\">\n\t\t\t\t\t\t\t<div class=\"elementor-widget-wrap\">\n\t\t\t\t\t\t<div class=\"elementor-element elementor-element-85db9d8 elementor-widget elementor-widget-text-editor\" data-id=\"85db9d8\" data-element_type=\"widget\" data-widget_type=\"text-editor.default\">\n\t\t\t\t<div class=\"elementor-widget-container\">\n\t\t\t\t\t\t\t\t<div class=\"elementor-text-editor elementor-clearfix\">\n\t\t\t\t<p>Die Mittagsbetreuung an der Feldbergschule ist ein eingetragener Verein und als solcher gemeinn\u00fctzig. Er wird durch einen ehrenamtlichen Vorstand vertreten, der von den Mitgliedern j\u00e4hrlich neu gew\u00e4hlt wird.<\/p><p>Der Vorstand setzt sich derzeit aus folgenden Mitgliedern zusammen: Christopher Strehle (Vorsitz), Fabienna Arends (Finanzen),\u00a0 Lena Weihmayer (Schriftf\u00fchrung), und Wei Wang (Organisation).<\/p><p>Das Angebot des Vereins wird durch die Stadt M\u00fcnchen und den Freistaat Bayern gef\u00f6rdert.<\/p><p>Der Verein zur Mittagsbetreuung der Grundsch\u00fcler an der Feldbergschule wurde am 7. Juli 1998 vom Elternbeirat der Feldbergschule initiiert und gegr\u00fcndet. Dem ehrenamtlichen Engagement der Eltern des Vereins ist es seitdem zu verdanken, dass eine Erg\u00e4nzung zum st\u00e4dtischen Betreuungsangebot zustande kommt. Seit Gr\u00fcndung des Vereins ist die Mittagsbetreuung st\u00e4ndig gewachsen. Gestartet wurde mit einer Gruppe von 12 Sch\u00fclern. Bereits im zweiten Jahr hat sich die Sch\u00fclerzahl verdoppelt und ist seitdem kontinuierlich angestiegen. Im Januar 2019 \u00fcbernahm der Verein die Kinder von den Truderinger Feldm\u00e4usen incl. deren R\u00e4umlichkeiten. Seit dem Schuljahr 2024\/2025 werden an f\u00fcnf Standpunkten (im Schulhaus und im frei.raum) max. 190 Sch\u00fcler\/innen betreut. Hausaufgabenbetreuung als Erg\u00e4nzung zum regul\u00e4ren Angebot wurde erstmals 2009\/10 in einer Gruppe mit verl\u00e4ngerter Mittagsbetreuung angeboten. Neu im Schuljahr 2025\/2026 ist die Betreuung bis 16 Uhr.<\/p>\t\t\t\t\t<\/div>\n\t\t\t\t\t\t<\/div>\n\t\t\t\t<\/div>\n\t\t\t\t\t\t<\/div>\n\t\t\t\t\t<\/div>\n\t\t<\/div>\n\t\t\t\t\t\t\t\t<\/div>\n\t\t\t\t\t<\/div>\n\t\t<\/section>\n\t\t\t\t<section class=\"elementor-section elementor-top-section elementor-element elementor-element-65cdb7e elementor-section-boxed elementor-section-height-default elementor-section-height-default\" data-id=\"65cdb7e\" data-element_type=\"section\">\n\t\t\t\t\t\t<div class=\"elementor-container elementor-column-gap-default\">\n\t\t\t\t\t\t\t<div class=\"elementor-row\">\n\t\t\t\t\t<div class=\"elementor-column elementor-col-100 elementor-top-column elementor-element elementor-element-42c0e6f\" data-id=\"42c0e6f\" data-element_type=\"column\">\n\t\t\t<div class=\"elementor-column-wrap elementor-element-populated\">\n\t\t\t\t\t\t\t<div class=\"elementor-widget-wrap\">\n\t\t\t\t\t\t<div class=\"elementor-element elementor-element-a6efd59 elementor-widget elementor-widget-text-editor\" data-id=\"a6efd59\" data-element_type=\"widget\" data-widget_type=\"text-editor.default\">\n\t\t\t\t<div class=\"elementor-widget-container\">\n\t\t\t\t\t\t\t\t<div class=\"elementor-text-editor elementor-clearfix\">\n\t\t\t\t<p><a href=\"http:\/\/mittagsbetreuung-feldbergschule.de\/wp-content\/uploads\/2023\/05\/20221109-Satzung.pdf\">Download: <\/a><a href=\"http:\/\/mittagsbetreuung-feldbergschule.de\/wp-content\/uploads\/2026\/03\/Mibe-Feldberg-Satzung-20251210_2.pdf\">Vereinssatzung<\/a><\/p>\t\t\t\t\t<\/div>\n\t\t\t\t\t\t<\/div>\n\t\t\t\t<\/div>\n\t\t\t\t\t\t<\/div>\n\t\t\t\t\t<\/div>\n\t\t<\/div>\n\t\t\t\t\t\t\t\t<\/div>\n\t\t\t\t\t<\/div>\n\t\t<\/section>\n\t\t\t\t\t\t\t\t\t<\/div>\n\t\t\t<\/div>\n\t\t\t\t\t<\/div>\n\t\t","protected":false},"excerpt":{"rendered":"<p>Die Mittagsbetreuung an der Feldbergschule ist ein eingetragener Verein und als solcher gemeinn\u00fctzig. Er wird durch einen ehrenamtlichen Vorstand vertreten, der von den Mitgliedern j\u00e4hrlich neu gew\u00e4hlt wird. Der Vorstand setzt sich derzeit aus folgenden Mitgliedern zusammen: Christopher Strehle (Vorsitz), Fabienna Arends (Finanzen),\u00a0 Lena Weihmayer (Schriftf\u00fchrung), und Wei Wang (Organisation). Das Angebot des Vereins wird [&hellip;]<\/p>\n","protected":false},"author":1,"featured_media":0,"parent":0,"menu_order":0,"comment_status":"closed","ping_status":"closed","template":"","meta":[],"_links":{"self":[{"href":"https:\/\/mittagsbetreuung-feldbergschule.de\/index.php?rest_route=\/wp\/v2\/pages\/82"}],"collection":[{"href":"https:\/\/mittagsbetreuung-feldbergschule.de\/index.php?rest_route=\/wp\/v2\/pages"}],"about":[{"href":"https:\/\/mittagsbetreuung-feldbergschule.de\/index.php?rest_route=\/wp\/v2\/types\/page"}],"author":[{"embeddable":true,"href":"https:\/\/mittagsbetreuung-feldbergschule.de\/index.php?rest_route=\/wp\/v2\/users\/1"}],"replies":[{"embeddable":true,"href":"https:\/\/mittagsbetreuung-feldbergschule.de\/index.php?rest_route=%2Fwp%2Fv2%2Fcomments&post=82"}],"version-history":[{"count":55,"href":"https:\/\/mittagsbetreuung-feldbergschule.de\/index.php?rest_route=\/wp\/v2\/pages\/82\/revisions"}],"predecessor-version":[{"id":1386,"href":"https:\/\/mittagsbetreuung-feldbergschule.de\/index.php?rest_route=\/wp\/v2\/pages\/82\/revisions\/1386"}],"wp:attachment":[{"href":"https:\/\/mittagsbetreuung-feldbergschule.de\/index.php?rest_route=%2Fwp%2Fv2%2Fmedia&parent=82"}],"curies":[{"name":"wp","href":"https:\/\/api.w.org\/{rel}","templated":true}]}}