{"id":72,"date":"2019-11-17T13:41:36","date_gmt":"2019-11-17T13:41:36","guid":{"rendered":"http:\/\/mittagsbetreuung-feldbergschule.de\/?page_id=72"},"modified":"2026-03-27T14:07:34","modified_gmt":"2026-03-27T14:07:34","slug":"aktuelles","status":"publish","type":"page","link":"https:\/\/mittagsbetreuung-feldbergschule.de\/","title":{"rendered":"Aktuelles"},"content":{"rendered":"\t\t<div data-elementor-type=\"wp-page\" data-elementor-id=\"72\" class=\"elementor elementor-72\">\n\t\t\t\t\t\t<div class=\"elementor-inner\">\n\t\t\t\t<div class=\"elementor-section-wrap\">\n\t\t\t\t\t\t\t\t\t<section class=\"elementor-section elementor-top-section elementor-element elementor-element-ec5bdcd elementor-section-boxed elementor-section-height-default elementor-section-height-default\" data-id=\"ec5bdcd\" data-element_type=\"section\">\n\t\t\t\t\t\t<div class=\"elementor-container elementor-column-gap-default\">\n\t\t\t\t\t\t\t<div class=\"elementor-row\">\n\t\t\t\t\t<div class=\"elementor-column elementor-col-100 elementor-top-column elementor-element elementor-element-622a2d7\" data-id=\"622a2d7\" data-element_type=\"column\">\n\t\t\t<div class=\"elementor-column-wrap elementor-element-populated\">\n\t\t\t\t\t\t\t<div class=\"elementor-widget-wrap\">\n\t\t\t\t\t\t<div class=\"elementor-element elementor-element-084bccc elementor-widget elementor-widget-heading\" data-id=\"084bccc\" data-element_type=\"widget\" data-widget_type=\"heading.default\">\n\t\t\t\t<div class=\"elementor-widget-container\">\n\t\t\t<h2 class=\"elementor-heading-title elementor-size-large\">M\u00e4rz 2026<\/h2>\t\t<\/div>\n\t\t\t\t<\/div>\n\t\t\t\t\t\t<\/div>\n\t\t\t\t\t<\/div>\n\t\t<\/div>\n\t\t\t\t\t\t\t\t<\/div>\n\t\t\t\t\t<\/div>\n\t\t<\/section>\n\t\t\t\t<section class=\"elementor-section elementor-top-section elementor-element elementor-element-abad39d elementor-section-boxed elementor-section-height-default elementor-section-height-default\" data-id=\"abad39d\" data-element_type=\"section\">\n\t\t\t\t\t\t<div class=\"elementor-container elementor-column-gap-default\">\n\t\t\t\t\t\t\t<div class=\"elementor-row\">\n\t\t\t\t\t<div class=\"elementor-column elementor-col-100 elementor-top-column elementor-element elementor-element-e3ece8b\" data-id=\"e3ece8b\" data-element_type=\"column\">\n\t\t\t<div class=\"elementor-column-wrap elementor-element-populated\">\n\t\t\t\t\t\t\t<div class=\"elementor-widget-wrap\">\n\t\t\t\t\t\t<div class=\"elementor-element elementor-element-ba2b5b2 elementor-widget elementor-widget-text-editor\" data-id=\"ba2b5b2\" data-element_type=\"widget\" data-widget_type=\"text-editor.default\">\n\t\t\t\t<div class=\"elementor-widget-container\">\n\t\t\t\t\t\t\t\t<div class=\"elementor-text-editor elementor-clearfix\">\n\t\t\t\t<p>Wir w\u00fcnschen allen sch\u00f6ne Osterferien.<\/p>\t\t\t\t\t<\/div>\n\t\t\t\t\t\t<\/div>\n\t\t\t\t<\/div>\n\t\t\t\t\t\t<\/div>\n\t\t\t\t\t<\/div>\n\t\t<\/div>\n\t\t\t\t\t\t\t\t<\/div>\n\t\t\t\t\t<\/div>\n\t\t<\/section>\n\t\t\t\t<section class=\"elementor-section elementor-top-section elementor-element elementor-element-e1224ae elementor-section-boxed elementor-section-height-default elementor-section-height-default\" data-id=\"e1224ae\" data-element_type=\"section\">\n\t\t\t\t\t\t<div class=\"elementor-container elementor-column-gap-default\">\n\t\t\t\t\t\t\t<div class=\"elementor-row\">\n\t\t\t\t\t<div class=\"elementor-column elementor-col-50 elementor-top-column elementor-element elementor-element-6a97563\" data-id=\"6a97563\" data-element_type=\"column\">\n\t\t\t<div class=\"elementor-column-wrap elementor-element-populated\">\n\t\t\t\t\t\t\t<div class=\"elementor-widget-wrap\">\n\t\t\t\t\t\t<div class=\"elementor-element elementor-element-a1a55d9 elementor-widget elementor-widget-image\" data-id=\"a1a55d9\" data-element_type=\"widget\" data-widget_type=\"image.default\">\n\t\t\t\t<div class=\"elementor-widget-container\">\n\t\t\t\t\t\t\t\t<div class=\"elementor-image\">\n\t\t\t\t\t\t\t\t\t\t\t\t<img width=\"934\" height=\"1024\" src=\"https:\/\/mittagsbetreuung-feldbergschule.de\/wp-content\/uploads\/2026\/03\/Osterhasentuete-934x1024.jpg\" class=\"attachment-large size-large\" alt=\"\" loading=\"lazy\" srcset=\"https:\/\/mittagsbetreuung-feldbergschule.de\/wp-content\/uploads\/2026\/03\/Osterhasentuete-934x1024.jpg 934w, https:\/\/mittagsbetreuung-feldbergschule.de\/wp-content\/uploads\/2026\/03\/Osterhasentuete-274x300.jpg 274w, https:\/\/mittagsbetreuung-feldbergschule.de\/wp-content\/uploads\/2026\/03\/Osterhasentuete-768x842.jpg 768w, https:\/\/mittagsbetreuung-feldbergschule.de\/wp-content\/uploads\/2026\/03\/Osterhasentuete.jpg 1080w\" sizes=\"(max-width: 934px) 100vw, 934px\" \/>\t\t\t\t\t\t\t\t\t\t\t\t\t\t<\/div>\n\t\t\t\t\t\t<\/div>\n\t\t\t\t<\/div>\n\t\t\t\t\t\t<\/div>\n\t\t\t\t\t<\/div>\n\t\t<\/div>\n\t\t\t\t<div class=\"elementor-column elementor-col-50 elementor-top-column elementor-element elementor-element-5e166ba\" data-id=\"5e166ba\" data-element_type=\"column\">\n\t\t\t<div class=\"elementor-column-wrap elementor-element-populated\">\n\t\t\t\t\t\t\t<div class=\"elementor-widget-wrap\">\n\t\t\t\t\t\t<div class=\"elementor-element elementor-element-09e235e elementor-widget elementor-widget-image\" data-id=\"09e235e\" data-element_type=\"widget\" data-widget_type=\"image.default\">\n\t\t\t\t<div class=\"elementor-widget-container\">\n\t\t\t\t\t\t\t\t<div class=\"elementor-image\">\n\t\t\t\t\t\t\t\t\t\t\t\t<img width=\"1024\" height=\"1024\" src=\"https:\/\/mittagsbetreuung-feldbergschule.de\/wp-content\/uploads\/2026\/03\/1710917399310-1024x1024.jpg\" class=\"attachment-large size-large\" alt=\"\" loading=\"lazy\" srcset=\"https:\/\/mittagsbetreuung-feldbergschule.de\/wp-content\/uploads\/2026\/03\/1710917399310-1024x1024.jpg 1024w, https:\/\/mittagsbetreuung-feldbergschule.de\/wp-content\/uploads\/2026\/03\/1710917399310-300x300.jpg 300w, https:\/\/mittagsbetreuung-feldbergschule.de\/wp-content\/uploads\/2026\/03\/1710917399310-150x150.jpg 150w, https:\/\/mittagsbetreuung-feldbergschule.de\/wp-content\/uploads\/2026\/03\/1710917399310-768x768.jpg 768w, https:\/\/mittagsbetreuung-feldbergschule.de\/wp-content\/uploads\/2026\/03\/1710917399310-1536x1536.jpg 1536w, https:\/\/mittagsbetreuung-feldbergschule.de\/wp-content\/uploads\/2026\/03\/1710917399310-2048x2048.jpg 2048w\" sizes=\"(max-width: 1024px) 100vw, 1024px\" \/>\t\t\t\t\t\t\t\t\t\t\t\t\t\t<\/div>\n\t\t\t\t\t\t<\/div>\n\t\t\t\t<\/div>\n\t\t\t\t\t\t<\/div>\n\t\t\t\t\t<\/div>\n\t\t<\/div>\n\t\t\t\t\t\t\t\t<\/div>\n\t\t\t\t\t<\/div>\n\t\t<\/section>\n\t\t\t\t\t\t\t\t\t<\/div>\n\t\t\t<\/div>\n\t\t\t\t\t<\/div>\n\t\t","protected":false},"excerpt":{"rendered":"<p>M\u00e4rz 2026 Wir w\u00fcnschen allen sch\u00f6ne Osterferien.<\/p>\n","protected":false},"author":1,"featured_media":0,"parent":0,"menu_order":0,"comment_status":"closed","ping_status":"closed","template":"","meta":[],"_links":{"self":[{"href":"https:\/\/mittagsbetreuung-feldbergschule.de\/index.php?rest_route=\/wp\/v2\/pages\/72"}],"collection":[{"href":"https:\/\/mittagsbetreuung-feldbergschule.de\/index.php?rest_route=\/wp\/v2\/pages"}],"about":[{"href":"https:\/\/mittagsbetreuung-feldbergschule.de\/index.php?rest_route=\/wp\/v2\/types\/page"}],"author":[{"embeddable":true,"href":"https:\/\/mittagsbetreuung-feldbergschule.de\/index.php?rest_route=\/wp\/v2\/users\/1"}],"replies":[{"embeddable":true,"href":"https:\/\/mittagsbetreuung-feldbergschule.de\/index.php?rest_route=%2Fwp%2Fv2%2Fcomments&post=72"}],"version-history":[{"count":327,"href":"https:\/\/mittagsbetreuung-feldbergschule.de\/index.php?rest_route=\/wp\/v2\/pages\/72\/revisions"}],"predecessor-version":[{"id":1402,"href":"https:\/\/mittagsbetreuung-feldbergschule.de\/index.php?rest_route=\/wp\/v2\/pages\/72\/revisions\/1402"}],"wp:attachment":[{"href":"https:\/\/mittagsbetreuung-feldbergschule.de\/index.php?rest_route=%2Fwp%2Fv2%2Fmedia&parent=72"}],"curies":[{"name":"wp","href":"https:\/\/api.w.org\/{rel}","templated":true}]}}