{"id":70,"date":"2019-11-17T13:40:18","date_gmt":"2019-11-17T13:40:18","guid":{"rendered":"http:\/\/mittagsbetreuung-feldbergschule.de\/?page_id=70"},"modified":"2026-03-05T10:34:57","modified_gmt":"2026-03-05T10:34:57","slug":"downloads","status":"publish","type":"page","link":"https:\/\/mittagsbetreuung-feldbergschule.de\/?page_id=70","title":{"rendered":"Downloads"},"content":{"rendered":"\t\t<div data-elementor-type=\"wp-page\" data-elementor-id=\"70\" class=\"elementor elementor-70\">\n\t\t\t\t\t\t<div class=\"elementor-inner\">\n\t\t\t\t<div class=\"elementor-section-wrap\">\n\t\t\t\t\t\t\t\t\t<section class=\"elementor-section elementor-top-section elementor-element elementor-element-1a7be9f elementor-section-boxed elementor-section-height-default elementor-section-height-default\" data-id=\"1a7be9f\" data-element_type=\"section\">\n\t\t\t\t\t\t<div class=\"elementor-container elementor-column-gap-default\">\n\t\t\t\t\t\t\t<div class=\"elementor-row\">\n\t\t\t\t\t<div class=\"elementor-column elementor-col-100 elementor-top-column elementor-element elementor-element-e14742d\" data-id=\"e14742d\" data-element_type=\"column\">\n\t\t\t<div class=\"elementor-column-wrap elementor-element-populated\">\n\t\t\t\t\t\t\t<div class=\"elementor-widget-wrap\">\n\t\t\t\t\t\t<div class=\"elementor-element elementor-element-ccc791c elementor-widget elementor-widget-text-editor\" data-id=\"ccc791c\" data-element_type=\"widget\" data-widget_type=\"text-editor.default\">\n\t\t\t\t<div class=\"elementor-widget-container\">\n\t\t\t\t\t\t\t\t<div class=\"elementor-text-editor elementor-clearfix\">\n\t\t\t\t<p><a href=\"http:\/\/mittagsbetreuung-feldbergschule.de\/wp-content\/uploads\/2026\/03\/Mibe-Feldberg-Satzung-20251210_2.pdf\">Vereinssatzung<\/a><\/p><p><a href=\"http:\/\/mittagsbetreuung-feldbergschule.de\/wp-content\/uploads\/2026\/03\/Geschaeftsordnung_MiBe-ab-SJ-26_27_2.pdf\">Gesch\u00e4ftsordnung<\/a><\/p><p><a href=\"http:\/\/mittagsbetreuung-feldbergschule.de\/wp-content\/uploads\/2026\/03\/Gebuehrenordnung.pdf\">Geb\u00fchrenordnung<\/a><\/p><p><a href=\"http:\/\/mittagsbetreuung-feldbergschule.de\/wp-content\/uploads\/2025\/06\/202506-Paedagogisches-Konzept-V1-2.docx\">P\u00e4dagogisches-Konzept<\/a><\/p><p><a href=\"http:\/\/mittagsbetreuung-feldbergschule.de\/wp-content\/uploads\/2025\/06\/202506-A-Z-f-Eltern.docx\">A-Z-f\u00fcr-Eltern<\/a><\/p><p><a href=\"https:\/\/www.landkreis-wuerzburg.de\/media\/custom\/1617_529_1.PDF?1224666733)\" target=\"_blank\" rel=\"noopener\">Vollmacht f\u00fcr Notf\u00e4lle <\/a>(Zusatzinformation: Damit ein Notarzt im Falle des Bedarfs auch medikament\u00f6s arbeiten kann, ben\u00f6tigt er eine Vollmacht. Andernfalls darf der Notarzt nur in dem Fall Medikamente einsetzen, wenn es um Leben und Tod geht. Diese Vollmacht ist freiwillig und bei den Betreuerinnen abzugeben.)<\/p><p><a href=\"http:\/\/mittagsbetreuung-feldbergschule.de\/wp-content\/uploads\/2026\/03\/Anmeldeformular-abFeb-2026.pdf\">Anmeldeformular<\/a><\/p>\t\t\t\t\t<\/div>\n\t\t\t\t\t\t<\/div>\n\t\t\t\t<\/div>\n\t\t\t\t\t\t<\/div>\n\t\t\t\t\t<\/div>\n\t\t<\/div>\n\t\t\t\t\t\t\t\t<\/div>\n\t\t\t\t\t<\/div>\n\t\t<\/section>\n\t\t\t\t\t\t\t\t\t<\/div>\n\t\t\t<\/div>\n\t\t\t\t\t<\/div>\n\t\t","protected":false},"excerpt":{"rendered":"<p>Vereinssatzung Gesch\u00e4ftsordnung Geb\u00fchrenordnung P\u00e4dagogisches-Konzept A-Z-f\u00fcr-Eltern Vollmacht f\u00fcr Notf\u00e4lle (Zusatzinformation: Damit ein Notarzt im Falle des Bedarfs auch medikament\u00f6s arbeiten kann, ben\u00f6tigt er eine Vollmacht. Andernfalls darf der Notarzt nur in dem Fall Medikamente einsetzen, wenn es um Leben und Tod geht. Diese Vollmacht ist freiwillig und bei den Betreuerinnen abzugeben.) Anmeldeformular<\/p>\n","protected":false},"author":1,"featured_media":0,"parent":0,"menu_order":0,"comment_status":"closed","ping_status":"closed","template":"","meta":[],"_links":{"self":[{"href":"https:\/\/mittagsbetreuung-feldbergschule.de\/index.php?rest_route=\/wp\/v2\/pages\/70"}],"collection":[{"href":"https:\/\/mittagsbetreuung-feldbergschule.de\/index.php?rest_route=\/wp\/v2\/pages"}],"about":[{"href":"https:\/\/mittagsbetreuung-feldbergschule.de\/index.php?rest_route=\/wp\/v2\/types\/page"}],"author":[{"embeddable":true,"href":"https:\/\/mittagsbetreuung-feldbergschule.de\/index.php?rest_route=\/wp\/v2\/users\/1"}],"replies":[{"embeddable":true,"href":"https:\/\/mittagsbetreuung-feldbergschule.de\/index.php?rest_route=%2Fwp%2Fv2%2Fcomments&post=70"}],"version-history":[{"count":82,"href":"https:\/\/mittagsbetreuung-feldbergschule.de\/index.php?rest_route=\/wp\/v2\/pages\/70\/revisions"}],"predecessor-version":[{"id":1396,"href":"https:\/\/mittagsbetreuung-feldbergschule.de\/index.php?rest_route=\/wp\/v2\/pages\/70\/revisions\/1396"}],"wp:attachment":[{"href":"https:\/\/mittagsbetreuung-feldbergschule.de\/index.php?rest_route=%2Fwp%2Fv2%2Fmedia&parent=70"}],"curies":[{"name":"wp","href":"https:\/\/api.w.org\/{rel}","templated":true}]}}