{"id":289,"date":"2020-10-05T18:12:27","date_gmt":"2020-10-05T18:12:27","guid":{"rendered":"http:\/\/mittagsbetreuung-feldbergschule.de\/?page_id=289"},"modified":"2026-01-27T08:41:48","modified_gmt":"2026-01-27T08:41:48","slug":"stellenangebote","status":"publish","type":"page","link":"https:\/\/mittagsbetreuung-feldbergschule.de\/?page_id=289","title":{"rendered":"Stellenangebote"},"content":{"rendered":"\t\t<div data-elementor-type=\"wp-page\" data-elementor-id=\"289\" class=\"elementor elementor-289\">\n\t\t\t\t\t\t<div class=\"elementor-inner\">\n\t\t\t\t<div class=\"elementor-section-wrap\">\n\t\t\t\t\t\t\t\t\t<section class=\"elementor-section elementor-top-section elementor-element elementor-element-253cf3c elementor-section-boxed elementor-section-height-default elementor-section-height-default\" data-id=\"253cf3c\" data-element_type=\"section\">\n\t\t\t\t\t\t<div class=\"elementor-container elementor-column-gap-default\">\n\t\t\t\t\t\t\t<div class=\"elementor-row\">\n\t\t\t\t\t<div class=\"elementor-column elementor-col-100 elementor-top-column elementor-element elementor-element-4322ed4\" data-id=\"4322ed4\" data-element_type=\"column\">\n\t\t\t<div class=\"elementor-column-wrap elementor-element-populated\">\n\t\t\t\t\t\t\t<div class=\"elementor-widget-wrap\">\n\t\t\t\t\t\t<div class=\"elementor-element elementor-element-66fff55 elementor-widget elementor-widget-text-editor\" data-id=\"66fff55\" data-element_type=\"widget\" data-widget_type=\"text-editor.default\">\n\t\t\t\t<div class=\"elementor-widget-container\">\n\t\t\t\t\t\t\t\t<div class=\"elementor-text-editor elementor-clearfix\">\n\t\t\t\t<p>Mittagsbetreuung sucht Unterst\u00fctzung mit Herz<\/p>\t\t\t\t\t<\/div>\n\t\t\t\t\t\t<\/div>\n\t\t\t\t<\/div>\n\t\t\t\t\t\t<\/div>\n\t\t\t\t\t<\/div>\n\t\t<\/div>\n\t\t\t\t\t\t\t\t<\/div>\n\t\t\t\t\t<\/div>\n\t\t<\/section>\n\t\t\t\t<section class=\"elementor-section elementor-top-section elementor-element elementor-element-333e0c9 elementor-section-boxed elementor-section-height-default elementor-section-height-default\" data-id=\"333e0c9\" data-element_type=\"section\">\n\t\t\t\t\t\t<div class=\"elementor-container elementor-column-gap-default\">\n\t\t\t\t\t\t\t<div class=\"elementor-row\">\n\t\t\t\t\t<div class=\"elementor-column elementor-col-100 elementor-top-column elementor-element elementor-element-5c4d7ef\" data-id=\"5c4d7ef\" data-element_type=\"column\">\n\t\t\t<div class=\"elementor-column-wrap elementor-element-populated\">\n\t\t\t\t\t\t\t<div class=\"elementor-widget-wrap\">\n\t\t\t\t\t\t<div class=\"elementor-element elementor-element-cffbc98 elementor-widget elementor-widget-text-editor\" data-id=\"cffbc98\" data-element_type=\"widget\" data-widget_type=\"text-editor.default\">\n\t\t\t\t<div class=\"elementor-widget-container\">\n\t\t\t\t\t\t\t\t<div class=\"elementor-text-editor elementor-clearfix\">\n\t\t\t\t<p><span style=\"font-size: 18px;\">Aktuell sind alle Stellen besetzt.&nbsp;<\/span><\/p><p><span style=\"font-size: 18px;\">\u00dcber Spontanbewerbungen freuen wir uns, bitte an folgende Mailadresse senden:<\/span><\/p><p><a href=\"mailto:recruiting@mittagsbetreuung-feldbergschule.de\" style=\"font-size: 18px; background-color: rgb(255, 255, 255);\">recruiting@mittagsbetreuung-feldbergschule.de<\/a><\/p>\n<p><em>Verein zur Mittagsbetreuung f\u00fcr die Grundsch\u00fcler an der Feldbergschule e.V. Feldbergstr. 85, 81825 M\u00fcnchen<\/em><\/p>\t\t\t\t\t<\/div>\n\t\t\t\t\t\t<\/div>\n\t\t\t\t<\/div>\n\t\t\t\t\t\t<\/div>\n\t\t\t\t\t<\/div>\n\t\t<\/div>\n\t\t\t\t\t\t\t\t<\/div>\n\t\t\t\t\t<\/div>\n\t\t<\/section>\n\t\t\t\t\t\t\t\t\t<\/div>\n\t\t\t<\/div>\n\t\t\t\t\t<\/div>\n\t\t","protected":false},"excerpt":{"rendered":"<p>Mittagsbetreuung sucht Unterst\u00fctzung mit Herz Aktuell sind alle Stellen besetzt.&nbsp; \u00dcber Spontanbewerbungen freuen wir uns, bitte an folgende Mailadresse senden: recruiting@mittagsbetreuung-feldbergschule.de Verein zur Mittagsbetreuung f\u00fcr die Grundsch\u00fcler an der Feldbergschule e.V. Feldbergstr. 85, 81825 M\u00fcnchen<\/p>\n","protected":false},"author":1,"featured_media":0,"parent":0,"menu_order":0,"comment_status":"closed","ping_status":"closed","template":"","meta":[],"_links":{"self":[{"href":"https:\/\/mittagsbetreuung-feldbergschule.de\/index.php?rest_route=\/wp\/v2\/pages\/289"}],"collection":[{"href":"https:\/\/mittagsbetreuung-feldbergschule.de\/index.php?rest_route=\/wp\/v2\/pages"}],"about":[{"href":"https:\/\/mittagsbetreuung-feldbergschule.de\/index.php?rest_route=\/wp\/v2\/types\/page"}],"author":[{"embeddable":true,"href":"https:\/\/mittagsbetreuung-feldbergschule.de\/index.php?rest_route=\/wp\/v2\/users\/1"}],"replies":[{"embeddable":true,"href":"https:\/\/mittagsbetreuung-feldbergschule.de\/index.php?rest_route=%2Fwp%2Fv2%2Fcomments&post=289"}],"version-history":[{"count":225,"href":"https:\/\/mittagsbetreuung-feldbergschule.de\/index.php?rest_route=\/wp\/v2\/pages\/289\/revisions"}],"predecessor-version":[{"id":1351,"href":"https:\/\/mittagsbetreuung-feldbergschule.de\/index.php?rest_route=\/wp\/v2\/pages\/289\/revisions\/1351"}],"wp:attachment":[{"href":"https:\/\/mittagsbetreuung-feldbergschule.de\/index.php?rest_route=%2Fwp%2Fv2%2Fmedia&parent=289"}],"curies":[{"name":"wp","href":"https:\/\/api.w.org\/{rel}","templated":true}]}}