{"id":16,"date":"2019-11-17T11:31:05","date_gmt":"2019-11-17T11:31:05","guid":{"rendered":"http:\/\/mittagsbetreuung-feldbergschule.de\/?page_id=16"},"modified":"2026-02-11T18:11:33","modified_gmt":"2026-02-11T18:11:33","slug":"kontakt","status":"publish","type":"page","link":"https:\/\/mittagsbetreuung-feldbergschule.de\/?page_id=16","title":{"rendered":"Kontakt"},"content":{"rendered":"\t\t<div data-elementor-type=\"wp-page\" data-elementor-id=\"16\" class=\"elementor elementor-16\">\n\t\t\t\t\t\t<div class=\"elementor-inner\">\n\t\t\t\t<div class=\"elementor-section-wrap\">\n\t\t\t\t\t\t\t\t\t<section class=\"elementor-section elementor-top-section elementor-element elementor-element-ad1241a elementor-section-boxed elementor-section-height-default elementor-section-height-default\" data-id=\"ad1241a\" data-element_type=\"section\">\n\t\t\t\t\t\t<div class=\"elementor-container elementor-column-gap-default\">\n\t\t\t\t\t\t\t<div class=\"elementor-row\">\n\t\t\t\t\t<div class=\"elementor-column elementor-col-100 elementor-top-column elementor-element elementor-element-14bc2ac\" data-id=\"14bc2ac\" data-element_type=\"column\">\n\t\t\t<div class=\"elementor-column-wrap elementor-element-populated\">\n\t\t\t\t\t\t\t<div class=\"elementor-widget-wrap\">\n\t\t\t\t\t\t<div class=\"elementor-element elementor-element-108f425 elementor-widget elementor-widget-text-editor\" data-id=\"108f425\" data-element_type=\"widget\" data-widget_type=\"text-editor.default\">\n\t\t\t\t<div class=\"elementor-widget-container\">\n\t\t\t\t\t\t\t\t<div class=\"elementor-text-editor elementor-clearfix\">\n\t\t\t\t<p>Verein zur Mittagsbetreuung f\u00fcr die Grundsch\u00fcler an der Feldbergschule e.V.<\/p><p><strong>B\u00fcro:<\/strong> <br \/>Annette H\u00f6rmann<br \/>Telefon: 089 67975391<br \/>Mailadresse:\u00a0<a href=\"mailto:mittagsbetreuung.feldbergschule@gmx.de\">info@mittagsbetreuung-feldbergschule.de<\/a><\/p><p><strong>Gesamtleitung:<br \/><\/strong>Serena Tirinnanzi<br \/>Telefon: 0155 \/ 63 24 62 97<br \/>Mailadresse: <a href=\"mailto:leitung@mittagsbetreuung-feldbergschule.de\">leitung@mittagsbetreuung-feldbergschule.de<\/a><\/p>\t\t\t\t\t<\/div>\n\t\t\t\t\t\t<\/div>\n\t\t\t\t<\/div>\n\t\t\t\t\t\t<\/div>\n\t\t\t\t\t<\/div>\n\t\t<\/div>\n\t\t\t\t\t\t\t\t<\/div>\n\t\t\t\t\t<\/div>\n\t\t<\/section>\n\t\t\t\t<section class=\"elementor-section elementor-top-section elementor-element elementor-element-0f0ada2 elementor-section-boxed elementor-section-height-default elementor-section-height-default\" data-id=\"0f0ada2\" data-element_type=\"section\">\n\t\t\t\t\t\t<div class=\"elementor-container elementor-column-gap-default\">\n\t\t\t\t\t\t\t<div class=\"elementor-row\">\n\t\t\t\t\t<div class=\"elementor-column elementor-col-100 elementor-top-column elementor-element elementor-element-accd2bd\" data-id=\"accd2bd\" data-element_type=\"column\">\n\t\t\t<div class=\"elementor-column-wrap elementor-element-populated\">\n\t\t\t\t\t\t\t<div class=\"elementor-widget-wrap\">\n\t\t\t\t\t\t<div class=\"elementor-element elementor-element-6cbfc02 elementor-widget elementor-widget-google_maps\" data-id=\"6cbfc02\" data-element_type=\"widget\" data-widget_type=\"google_maps.default\">\n\t\t\t\t<div class=\"elementor-widget-container\">\n\t\t\t\t\t<div class=\"elementor-custom-embed\">\n\t\t\t<iframe frameborder=\"0\" scrolling=\"no\" marginheight=\"0\" marginwidth=\"0\"\n\t\t\t\t\tsrc=\"https:\/\/maps.google.com\/maps?q=Feldbergstra%C3%9Fe%2085%2C%2081825%20M%C3%BCnchen&#038;t=m&#038;z=16&#038;output=embed&#038;iwloc=near\"\n\t\t\t\t\ttitle=\"Feldbergstra\u00dfe 85, 81825 M\u00fcnchen\"\n\t\t\t\t\taria-label=\"Feldbergstra\u00dfe 85, 81825 M\u00fcnchen\"\n\t\t\t><\/iframe>\n\t\t<\/div>\n\t\t\t\t<\/div>\n\t\t\t\t<\/div>\n\t\t\t\t\t\t<\/div>\n\t\t\t\t\t<\/div>\n\t\t<\/div>\n\t\t\t\t\t\t\t\t<\/div>\n\t\t\t\t\t<\/div>\n\t\t<\/section>\n\t\t\t\t\t\t\t\t\t<\/div>\n\t\t\t<\/div>\n\t\t\t\t\t<\/div>\n\t\t","protected":false},"excerpt":{"rendered":"<p>Verein zur Mittagsbetreuung f\u00fcr die Grundsch\u00fcler an der Feldbergschule e.V. B\u00fcro: Annette H\u00f6rmannTelefon: 089 67975391Mailadresse:\u00a0info@mittagsbetreuung-feldbergschule.de Gesamtleitung:Serena TirinnanziTelefon: 0155 \/ 63 24 62 97Mailadresse: leitung@mittagsbetreuung-feldbergschule.de<\/p>\n","protected":false},"author":1,"featured_media":0,"parent":0,"menu_order":0,"comment_status":"closed","ping_status":"closed","template":"","meta":[],"_links":{"self":[{"href":"https:\/\/mittagsbetreuung-feldbergschule.de\/index.php?rest_route=\/wp\/v2\/pages\/16"}],"collection":[{"href":"https:\/\/mittagsbetreuung-feldbergschule.de\/index.php?rest_route=\/wp\/v2\/pages"}],"about":[{"href":"https:\/\/mittagsbetreuung-feldbergschule.de\/index.php?rest_route=\/wp\/v2\/types\/page"}],"author":[{"embeddable":true,"href":"https:\/\/mittagsbetreuung-feldbergschule.de\/index.php?rest_route=\/wp\/v2\/users\/1"}],"replies":[{"embeddable":true,"href":"https:\/\/mittagsbetreuung-feldbergschule.de\/index.php?rest_route=%2Fwp%2Fv2%2Fcomments&post=16"}],"version-history":[{"count":27,"href":"https:\/\/mittagsbetreuung-feldbergschule.de\/index.php?rest_route=\/wp\/v2\/pages\/16\/revisions"}],"predecessor-version":[{"id":1364,"href":"https:\/\/mittagsbetreuung-feldbergschule.de\/index.php?rest_route=\/wp\/v2\/pages\/16\/revisions\/1364"}],"wp:attachment":[{"href":"https:\/\/mittagsbetreuung-feldbergschule.de\/index.php?rest_route=%2Fwp%2Fv2%2Fmedia&parent=16"}],"curies":[{"name":"wp","href":"https:\/\/api.w.org\/{rel}","templated":true}]}}